{"id":28,"date":"2020-01-07T09:41:22","date_gmt":"2020-01-07T09:41:22","guid":{"rendered":"https:\/\/cyprusviptaxi.com\/?page_id=28"},"modified":"2020-10-10T16:53:43","modified_gmt":"2020-10-10T13:53:43","slug":"sss","status":"publish","type":"page","link":"https:\/\/cyprusviptaxi.com\/en\/sss\/","title":{"rendered":"FAQ"},"content":{"rendered":"<p><div class=\"fusion-fullwidth fullwidth-box fusion-builder-row-1 fusion-flex-container fusion-parallax-none nonhundred-percent-fullwidth non-hundred-percent-height-scrolling\" style=\"--awb-border-radius-top-left:0px;--awb-border-radius-top-right:0px;--awb-border-radius-bottom-right:0px;--awb-border-radius-bottom-left:0px;--awb-padding-top:2%;--awb-padding-bottom:2%;--awb-background-image:linear-gradient(180deg, #000000 0%,rgba(255,255,255,0) 100%),url(https:\/\/cyprusviptaxi.com\/wp-content\/uploads\/2020\/01\/avada-taxi-homepage-hero.jpg);;--awb-background-size:cover;--awb-flex-wrap:wrap;\" ><div class=\"fusion-builder-row fusion-row fusion-flex-align-items-stretch fusion-flex-content-wrap\" style=\"max-width:1185.6px;margin-left: calc(-4% \/ 2 );margin-right: calc(-4% \/ 2 );\"><div class=\"fusion-layout-column fusion_builder_column fusion-builder-column-0 fusion_builder_column_1_1 1_1 fusion-flex-column fusion-flex-align-self-flex-start fusion-column-no-min-height fusion-animated\" style=\"--awb-bg-size:cover;--awb-width-large:100%;--awb-margin-top-large:0px;--awb-spacing-right-large:1.92%;--awb-margin-bottom-large:20px;--awb-spacing-left-large:1.92%;--awb-width-medium:100%;--awb-spacing-right-medium:1.92%;--awb-spacing-left-medium:1.92%;--awb-width-small:100%;--awb-spacing-right-small:1.92%;--awb-spacing-left-small:1.92%;\" data-animationtype=\"fadeInDown\" data-animationduration=\"1.0\" data-animationoffset=\"top-into-view\"><div class=\"fusion-column-wrapper fusion-column-has-shadow fusion-flex-justify-content-flex-start fusion-content-layout-column\"><div class=\"fusion-title title fusion-title-1 fusion-sep-none fusion-title-center fusion-title-text fusion-title-size-one\" style=\"--awb-text-color:#feba12;\"><h1 class=\"fusion-title-heading title-heading-center fusion-responsive-typography-calculated\" style=\"margin:0;--fontSize:65;line-height:1;\">FAQ<\/h1><\/div><div class=\"fusion-title title fusion-title-2 fusion-sep-none fusion-title-center fusion-title-text fusion-title-size-two\" style=\"--awb-text-color:#ffffff;--awb-margin-top:-10px;\"><h2 class=\"fusion-title-heading title-heading-center fusion-responsive-typography-calculated\" style=\"margin:0;--fontSize:30;line-height:1;\">Frequently Asked Questions<\/h2><\/div><\/div><\/div><\/div><\/div><div class=\"fusion-fullwidth fullwidth-box fusion-builder-row-2 fusion-flex-container nonhundred-percent-fullwidth non-hundred-percent-height-scrolling\" style=\"--awb-border-radius-top-left:0px;--awb-border-radius-top-right:0px;--awb-border-radius-bottom-right:0px;--awb-border-radius-bottom-left:0px;--awb-padding-top:6%;--awb-padding-bottom:6%;--awb-flex-wrap:wrap;\" ><div class=\"fusion-builder-row fusion-row fusion-flex-align-items-flex-start fusion-flex-content-wrap\" style=\"max-width:1185.6px;margin-left: calc(-4% \/ 2 );margin-right: calc(-4% \/ 2 );\"><div class=\"fusion-layout-column fusion_builder_column fusion-builder-column-1 fusion_builder_column_1_1 1_1 fusion-flex-column fusion-animated\" style=\"--awb-bg-size:cover;--awb-width-large:100%;--awb-margin-top-large:0px;--awb-spacing-right-large:1.92%;--awb-margin-bottom-large:20px;--awb-spacing-left-large:1.92%;--awb-width-medium:100%;--awb-spacing-right-medium:1.92%;--awb-spacing-left-medium:1.92%;--awb-width-small:100%;--awb-spacing-right-small:1.92%;--awb-spacing-left-small:1.92%;\" data-animationtype=\"fadeInLeft\" data-animationduration=\"1.0\" data-animationoffset=\"top-into-view\"><div class=\"fusion-column-wrapper fusion-column-has-shadow fusion-flex-justify-content-flex-start fusion-content-layout-column\"><div class=\"accordian fusion-accordian\" style=\"--awb-border-size:1px;--awb-icon-size:25px;--awb-content-font-size:14px;--awb-icon-alignment:left;--awb-hover-color:#f9f9f9;--awb-border-color:#cccccc;--awb-background-color:#ffffff;--awb-divider-color:#e0dede;--awb-divider-hover-color:#e0dede;--awb-icon-color:#ffffff;--awb-title-color:#333333;--awb-content-color:#747474;--awb-icon-box-color:#333333;--awb-toggle-hover-accent-color:#feba12;--awb-title-font-family:&quot;Poppins&quot;;--awb-title-font-weight:600;--awb-title-font-style:normal;--awb-title-font-size:18px;--awb-title-line-height:1.5;--awb-content-font-family:&quot;Roboto&quot;;--awb-content-font-style:normal;--awb-content-font-weight:400;\"><div class=\"panel-group fusion-toggle-icon-boxed\" id=\"accordion-28-1\"><div class=\"fusion-panel panel-default panel-c7b1b266269fb52ee fusion-toggle-no-divider\"><div class=\"panel-heading\"><h4 class=\"panel-title toggle\" id=\"toggle_c7b1b266269fb52ee\"><a aria-expanded=\"false\" aria-controls=\"c7b1b266269fb52ee\" role=\"button\" data-toggle=\"collapse\" data-parent=\"#accordion-28-1\" data-target=\"#c7b1b266269fb52ee\" href=\"#c7b1b266269fb52ee\"><span class=\"fusion-toggle-icon-wrapper\" aria-hidden=\"true\"><i class=\"fa-fusion-box active-icon awb-icon-minus\" aria-hidden=\"true\"><\/i><i class=\"fa-fusion-box inactive-icon awb-icon-plus\" aria-hidden=\"true\"><\/i><\/span><span class=\"fusion-toggle-heading\">What hours of the day do you serve?<\/span><\/a><\/h4><\/div><div id=\"c7b1b266269fb52ee\" class=\"panel-collapse collapse\" aria-labelledby=\"toggle_c7b1b266269fb52ee\"><div class=\"panel-body toggle-content fusion-clearfix\">\n<p>Cyprus Vip Taxi is open 24 hours a day, 7 days a week.<\/p>\n<\/div><\/div><\/div><div class=\"fusion-panel panel-default panel-657bca4b1c1cb17fd fusion-toggle-no-divider\"><div class=\"panel-heading\"><h4 class=\"panel-title toggle\" id=\"toggle_657bca4b1c1cb17fd\"><a aria-expanded=\"false\" aria-controls=\"657bca4b1c1cb17fd\" role=\"button\" data-toggle=\"collapse\" data-parent=\"#accordion-28-1\" data-target=\"#657bca4b1c1cb17fd\" href=\"#657bca4b1c1cb17fd\"><span class=\"fusion-toggle-icon-wrapper\" aria-hidden=\"true\"><i class=\"fa-fusion-box active-icon awb-icon-minus\" aria-hidden=\"true\"><\/i><i class=\"fa-fusion-box inactive-icon awb-icon-plus\" aria-hidden=\"true\"><\/i><\/span><span class=\"fusion-toggle-heading\">Do prices vary day and night?<\/span><\/a><\/h4><\/div><div id=\"657bca4b1c1cb17fd\" class=\"panel-collapse collapse\" aria-labelledby=\"toggle_657bca4b1c1cb17fd\"><div class=\"panel-body toggle-content fusion-clearfix\">\n<p>Taximeters automatically switch to night tariffs after 22:00. The night rate is more expensive than the day rate.<\/p>\n<\/div><\/div><\/div><div class=\"fusion-panel panel-default panel-fe840a907066f3e2c fusion-toggle-no-divider\"><div class=\"panel-heading\"><h4 class=\"panel-title toggle\" id=\"toggle_fe840a907066f3e2c\"><a aria-expanded=\"false\" aria-controls=\"fe840a907066f3e2c\" role=\"button\" data-toggle=\"collapse\" data-parent=\"#accordion-28-1\" data-target=\"#fe840a907066f3e2c\" href=\"#fe840a907066f3e2c\"><span class=\"fusion-toggle-icon-wrapper\" aria-hidden=\"true\"><i class=\"fa-fusion-box active-icon awb-icon-minus\" aria-hidden=\"true\"><\/i><i class=\"fa-fusion-box inactive-icon awb-icon-plus\" aria-hidden=\"true\"><\/i><\/span><span class=\"fusion-toggle-heading\">Are local and intercity transportation prices different?<\/span><\/a><\/h4><\/div><div id=\"fe840a907066f3e2c\" class=\"panel-collapse collapse\" aria-labelledby=\"toggle_fe840a907066f3e2c\"><div class=\"panel-body toggle-content fusion-clearfix\">\n<p>Since the taximeter calculates the distance traveled, unit prices are the same for urban and intercity trips.<\/p>\n<\/div><\/div><\/div><div class=\"fusion-panel panel-default panel-a8b560c954e552cbd fusion-toggle-no-divider\"><div class=\"panel-heading\"><h4 class=\"panel-title toggle\" id=\"toggle_a8b560c954e552cbd\"><a aria-expanded=\"false\" aria-controls=\"a8b560c954e552cbd\" role=\"button\" data-toggle=\"collapse\" data-parent=\"#accordion-28-1\" data-target=\"#a8b560c954e552cbd\" href=\"#a8b560c954e552cbd\"><span class=\"fusion-toggle-icon-wrapper\" aria-hidden=\"true\"><i class=\"fa-fusion-box active-icon awb-icon-minus\" aria-hidden=\"true\"><\/i><i class=\"fa-fusion-box inactive-icon awb-icon-plus\" aria-hidden=\"true\"><\/i><\/span><span class=\"fusion-toggle-heading\">Are there package prices?<\/span><\/a><\/h4><\/div><div id=\"a8b560c954e552cbd\" class=\"panel-collapse collapse\" aria-labelledby=\"toggle_a8b560c954e552cbd\"><div class=\"panel-body toggle-content fusion-clearfix\">\n<p>There are no package prices as pricing is based on the distance traveled. Special prices are applied for daily tours and excursions.<\/p>\n<\/div><\/div><\/div><div class=\"fusion-panel panel-default panel-0f18750b311003087 fusion-toggle-no-divider\"><div class=\"panel-heading\"><h4 class=\"panel-title toggle\" id=\"toggle_0f18750b311003087\"><a aria-expanded=\"false\" aria-controls=\"0f18750b311003087\" role=\"button\" data-toggle=\"collapse\" data-parent=\"#accordion-28-1\" data-target=\"#0f18750b311003087\" href=\"#0f18750b311003087\"><span class=\"fusion-toggle-icon-wrapper\" aria-hidden=\"true\"><i class=\"fa-fusion-box active-icon awb-icon-minus\" aria-hidden=\"true\"><\/i><i class=\"fa-fusion-box inactive-icon awb-icon-plus\" aria-hidden=\"true\"><\/i><\/span><span class=\"fusion-toggle-heading\">Are all vehicles belonging to Cyprus Vip Taxi air conditioned?<\/span><\/a><\/h4><\/div><div id=\"0f18750b311003087\" class=\"panel-collapse collapse\" aria-labelledby=\"toggle_0f18750b311003087\"><div class=\"panel-body toggle-content fusion-clearfix\">\n<p>All our vehicles are air conditioned.<\/p>\n<\/div><\/div><\/div><div class=\"fusion-panel panel-default panel-0a8dca4aa5bbbb3c0 fusion-toggle-no-divider\"><div class=\"panel-heading\"><h4 class=\"panel-title toggle\" id=\"toggle_0a8dca4aa5bbbb3c0\"><a aria-expanded=\"false\" aria-controls=\"0a8dca4aa5bbbb3c0\" role=\"button\" data-toggle=\"collapse\" data-parent=\"#accordion-28-1\" data-target=\"#0a8dca4aa5bbbb3c0\" href=\"#0a8dca4aa5bbbb3c0\"><span class=\"fusion-toggle-icon-wrapper\" aria-hidden=\"true\"><i class=\"fa-fusion-box active-icon awb-icon-minus\" aria-hidden=\"true\"><\/i><i class=\"fa-fusion-box inactive-icon awb-icon-plus\" aria-hidden=\"true\"><\/i><\/span><span class=\"fusion-toggle-heading\">How can I call a taxi?<\/span><\/a><\/h4><\/div><div id=\"0a8dca4aa5bbbb3c0\" class=\"panel-collapse collapse\" aria-labelledby=\"toggle_0a8dca4aa5bbbb3c0\"><div class=\"panel-body toggle-content fusion-clearfix\">\n<p>You can call a taxi by filling out the form on our website, writing to the whatsapp line or clicking the call now button.<\/p>\n<\/div><\/div><\/div><div class=\"fusion-panel panel-default panel-831a3481f07f1136e fusion-toggle-no-divider\"><div class=\"panel-heading\"><h4 class=\"panel-title toggle\" id=\"toggle_831a3481f07f1136e\"><a aria-expanded=\"false\" aria-controls=\"831a3481f07f1136e\" role=\"button\" data-toggle=\"collapse\" data-parent=\"#accordion-28-1\" data-target=\"#831a3481f07f1136e\" href=\"#831a3481f07f1136e\"><span class=\"fusion-toggle-icon-wrapper\" aria-hidden=\"true\"><i class=\"fa-fusion-box active-icon awb-icon-minus\" aria-hidden=\"true\"><\/i><i class=\"fa-fusion-box inactive-icon awb-icon-plus\" aria-hidden=\"true\"><\/i><\/span><span class=\"fusion-toggle-heading\">When to start the taximeter when I call a taxi.<\/span><\/a><\/h4><\/div><div id=\"831a3481f07f1136e\" class=\"panel-collapse collapse\" aria-labelledby=\"toggle_831a3481f07f1136e\"><div class=\"panel-body toggle-content fusion-clearfix\">\n<p>Taximeter is started after the passenger gets on the vehicle.<\/p>\n<\/div><\/div><\/div><div class=\"fusion-panel panel-default panel-c677049a5e15ceb17 fusion-toggle-no-divider\"><div class=\"panel-heading\"><h4 class=\"panel-title toggle\" id=\"toggle_c677049a5e15ceb17\"><a aria-expanded=\"false\" aria-controls=\"c677049a5e15ceb17\" role=\"button\" data-toggle=\"collapse\" data-parent=\"#accordion-28-1\" data-target=\"#c677049a5e15ceb17\" href=\"#c677049a5e15ceb17\"><span class=\"fusion-toggle-icon-wrapper\" aria-hidden=\"true\"><i class=\"fa-fusion-box active-icon awb-icon-minus\" aria-hidden=\"true\"><\/i><i class=\"fa-fusion-box inactive-icon awb-icon-plus\" aria-hidden=\"true\"><\/i><\/span><span class=\"fusion-toggle-heading\">Why should I choose Cyprus Vip Taxi?<\/span><\/a><\/h4><\/div><div id=\"c677049a5e15ceb17\" class=\"panel-collapse collapse\" aria-labelledby=\"toggle_c677049a5e15ceb17\"><div class=\"panel-body toggle-content fusion-clearfix\">\n<p>Reliable, scheduled and timely service are some of our strengths.<\/p>\n<\/div><\/div><\/div><\/div><\/div><\/div><\/div><\/div><\/div><\/p>","protected":false},"excerpt":{"rendered":"","protected":false},"author":1,"featured_media":0,"parent":0,"menu_order":0,"comment_status":"closed","ping_status":"closed","template":"100-width.php","meta":{"footnotes":""},"class_list":["post-28","page","type-page","status-publish","hentry"],"yoast_head":"<!-- This site is optimized with the Yoast SEO plugin v23.7 - https:\/\/yoast.com\/wordpress\/plugins\/seo\/ -->\n<title>SSS - Cyprus Vip Taxi<\/title>\n<meta name=\"description\" content=\"Kuzey K\u0131br\u0131s Taxi sekt\u00f6r\u00fcnde \u00f6zellikle turistlerin merak edebilece\u011fi ve bilmesi gereken konlar\u0131 bu b\u00f6l\u00fcmde derledik.\" \/>\n<meta name=\"robots\" content=\"index, follow, max-snippet:-1, max-image-preview:large, max-video-preview:-1\" \/>\n<link rel=\"canonical\" href=\"https:\/\/cyprusviptaxi.com\/en\/sss\/\" \/>\n<meta property=\"og:locale\" content=\"en_GB\" \/>\n<meta property=\"og:type\" content=\"article\" \/>\n<meta property=\"og:title\" content=\"SSS - Cyprus Vip Taxi\" \/>\n<meta property=\"og:description\" content=\"Kuzey K\u0131br\u0131s Taxi sekt\u00f6r\u00fcnde \u00f6zellikle turistlerin merak edebilece\u011fi ve bilmesi gereken konlar\u0131 bu b\u00f6l\u00fcmde derledik.\" \/>\n<meta property=\"og:url\" content=\"https:\/\/cyprusviptaxi.com\/en\/sss\/\" \/>\n<meta property=\"og:site_name\" content=\"Cyprus Vip Taxi\" \/>\n<meta property=\"article:modified_time\" content=\"2020-10-10T13:53:43+00:00\" \/>\n<meta name=\"twitter:card\" content=\"summary_large_image\" \/>\n<meta name=\"twitter:label1\" content=\"Estimated reading time\" \/>\n\t<meta name=\"twitter:data1\" content=\"6 minutes\" \/>\n<script type=\"application\/ld+json\" class=\"yoast-schema-graph\">{\"@context\":\"https:\/\/schema.org\",\"@graph\":[{\"@type\":\"WebPage\",\"@id\":\"https:\/\/cyprusviptaxi.com\/sss\/\",\"url\":\"https:\/\/cyprusviptaxi.com\/sss\/\",\"name\":\"SSS - Cyprus Vip Taxi\",\"isPartOf\":{\"@id\":\"https:\/\/cyprusviptaxi.com\/#website\"},\"datePublished\":\"2020-01-07T09:41:22+00:00\",\"dateModified\":\"2020-10-10T13:53:43+00:00\",\"description\":\"Kuzey K\u0131br\u0131s Taxi sekt\u00f6r\u00fcnde \u00f6zellikle turistlerin merak edebilece\u011fi ve bilmesi gereken konlar\u0131 bu b\u00f6l\u00fcmde derledik.\",\"breadcrumb\":{\"@id\":\"https:\/\/cyprusviptaxi.com\/sss\/#breadcrumb\"},\"inLanguage\":\"en-GB\",\"potentialAction\":[{\"@type\":\"ReadAction\",\"target\":[\"https:\/\/cyprusviptaxi.com\/sss\/\"]}]},{\"@type\":\"BreadcrumbList\",\"@id\":\"https:\/\/cyprusviptaxi.com\/sss\/#breadcrumb\",\"itemListElement\":[{\"@type\":\"ListItem\",\"position\":1,\"name\":\"Ana sayfa\",\"item\":\"https:\/\/cyprusviptaxi.com\/\"},{\"@type\":\"ListItem\",\"position\":2,\"name\":\"SSS\"}]},{\"@type\":\"WebSite\",\"@id\":\"https:\/\/cyprusviptaxi.com\/#website\",\"url\":\"https:\/\/cyprusviptaxi.com\/\",\"name\":\"Cyprus Vip Taxi\",\"description\":\"\",\"potentialAction\":[{\"@type\":\"SearchAction\",\"target\":{\"@type\":\"EntryPoint\",\"urlTemplate\":\"https:\/\/cyprusviptaxi.com\/?s={search_term_string}\"},\"query-input\":{\"@type\":\"PropertyValueSpecification\",\"valueRequired\":true,\"valueName\":\"search_term_string\"}}],\"inLanguage\":\"en-GB\"}]}<\/script>\n<!-- \/ Yoast SEO plugin. -->","yoast_head_json":{"title":"SSS - Cyprus Vip Taxi","description":"Kuzey K\u0131br\u0131s Taxi sekt\u00f6r\u00fcnde \u00f6zellikle turistlerin merak edebilece\u011fi ve bilmesi gereken konlar\u0131 bu b\u00f6l\u00fcmde derledik.","robots":{"index":"index","follow":"follow","max-snippet":"max-snippet:-1","max-image-preview":"max-image-preview:large","max-video-preview":"max-video-preview:-1"},"canonical":"https:\/\/cyprusviptaxi.com\/en\/sss\/","og_locale":"en_GB","og_type":"article","og_title":"SSS - Cyprus Vip Taxi","og_description":"Kuzey K\u0131br\u0131s Taxi sekt\u00f6r\u00fcnde \u00f6zellikle turistlerin merak edebilece\u011fi ve bilmesi gereken konlar\u0131 bu b\u00f6l\u00fcmde derledik.","og_url":"https:\/\/cyprusviptaxi.com\/en\/sss\/","og_site_name":"Cyprus Vip Taxi","article_modified_time":"2020-10-10T13:53:43+00:00","twitter_card":"summary_large_image","twitter_misc":{"Estimated reading time":"6 minutes"},"schema":{"@context":"https:\/\/schema.org","@graph":[{"@type":"WebPage","@id":"https:\/\/cyprusviptaxi.com\/sss\/","url":"https:\/\/cyprusviptaxi.com\/sss\/","name":"SSS - Cyprus Vip Taxi","isPartOf":{"@id":"https:\/\/cyprusviptaxi.com\/#website"},"datePublished":"2020-01-07T09:41:22+00:00","dateModified":"2020-10-10T13:53:43+00:00","description":"Kuzey K\u0131br\u0131s Taxi sekt\u00f6r\u00fcnde \u00f6zellikle turistlerin merak edebilece\u011fi ve bilmesi gereken konlar\u0131 bu b\u00f6l\u00fcmde derledik.","breadcrumb":{"@id":"https:\/\/cyprusviptaxi.com\/sss\/#breadcrumb"},"inLanguage":"en-GB","potentialAction":[{"@type":"ReadAction","target":["https:\/\/cyprusviptaxi.com\/sss\/"]}]},{"@type":"BreadcrumbList","@id":"https:\/\/cyprusviptaxi.com\/sss\/#breadcrumb","itemListElement":[{"@type":"ListItem","position":1,"name":"Ana sayfa","item":"https:\/\/cyprusviptaxi.com\/"},{"@type":"ListItem","position":2,"name":"SSS"}]},{"@type":"WebSite","@id":"https:\/\/cyprusviptaxi.com\/#website","url":"https:\/\/cyprusviptaxi.com\/","name":"Cyprus Vip Taxi","description":"","potentialAction":[{"@type":"SearchAction","target":{"@type":"EntryPoint","urlTemplate":"https:\/\/cyprusviptaxi.com\/?s={search_term_string}"},"query-input":{"@type":"PropertyValueSpecification","valueRequired":true,"valueName":"search_term_string"}}],"inLanguage":"en-GB"}]}},"_links":{"self":[{"href":"https:\/\/cyprusviptaxi.com\/en\/wp-json\/wp\/v2\/pages\/28"}],"collection":[{"href":"https:\/\/cyprusviptaxi.com\/en\/wp-json\/wp\/v2\/pages"}],"about":[{"href":"https:\/\/cyprusviptaxi.com\/en\/wp-json\/wp\/v2\/types\/page"}],"author":[{"embeddable":true,"href":"https:\/\/cyprusviptaxi.com\/en\/wp-json\/wp\/v2\/users\/1"}],"replies":[{"embeddable":true,"href":"https:\/\/cyprusviptaxi.com\/en\/wp-json\/wp\/v2\/comments?post=28"}],"version-history":[{"count":7,"href":"https:\/\/cyprusviptaxi.com\/en\/wp-json\/wp\/v2\/pages\/28\/revisions"}],"predecessor-version":[{"id":978,"href":"https:\/\/cyprusviptaxi.com\/en\/wp-json\/wp\/v2\/pages\/28\/revisions\/978"}],"wp:attachment":[{"href":"https:\/\/cyprusviptaxi.com\/en\/wp-json\/wp\/v2\/media?parent=28"}],"curies":[{"name":"wp","href":"https:\/\/api.w.org\/{rel}","templated":true}]}}